{"id":52,"date":"2023-06-04T14:11:47","date_gmt":"2023-06-04T12:11:47","guid":{"rendered":"https:\/\/sillages.info\/?page_id=52"},"modified":"2024-12-07T09:28:50","modified_gmt":"2024-12-07T08:28:50","slug":"nos-ressources-pedagogiques-en-lettres-et-langues","status":"publish","type":"page","link":"https:\/\/sillages.info\/index.php\/nos-ressources-pedagogiques-en-lettres-et-langues\/","title":{"rendered":"Nos ressources en lettres et langues"},"content":{"rendered":"\n<p>Nos ressources p\u00e9dagogiques en lettres et langues sont h\u00e9berg\u00e9es par l\u2019UOH, l\u2019Universit\u00e9 ouverte des humanit\u00e9s. On y acc\u00e8de en cliquant sur les liens propos\u00e9s ci-dessous, ou par le moteur de recherche de l\u2019<a href=\"https:\/\/uoh.fr\" target=\"_blank\" rel=\"noreferrer noopener\">UOH<\/a>.<\/p>\n\n\n\n<h3 class=\"wp-block-heading\"><strong>COURS<\/strong><\/h3>\n\n\n\n<h3 class=\"wp-block-heading\"><strong>Anglais<\/strong><\/h3>\n\n\n\n<p><a href=\"http:\/\/uoh.fr\/front\/notice?id=34dd2417-798e-41d1-afc7-583dc6d94faf\" target=\"_blank\" rel=\"noreferrer noopener\">Synth\u00e8se de documents en anglais<\/a> \u2013 2\u00e8me ann\u00e9e de CPGE scientifique<\/p>\n\n\n\n<h3 class=\"wp-block-heading\"><strong>Fran\u00e7ais<\/strong><\/h3>\n\n\n\n<p><a href=\"http:\/\/uoh.fr\/front\/notice?id=53d50f0d-48fe-4121-811c-80285bf79183\" target=\"_blank\" rel=\"noreferrer noopener\">Litt\u00e9rature compar\u00e9e, Introduction<\/a> \u2013 2\u00e8me ann\u00e9e de CPGE litt\u00e9raire, voie ENS Lyon<\/p>\n\n\n\n<p><a href=\"http:\/\/uoh.fr\/front\/notice?id=2e2ca114-c22e-4936-b687-245eb5f51eac\" target=\"_blank\" rel=\"noreferrer noopener\">Litt\u00e9rature compar\u00e9e, 2016 \u2013 L\u2019Utopie, de Thomas More \u2013 Histoire d\u2019un voyage en terre de Br\u00e9sil, de Jean de L\u00e9ry<\/a> \u2013 2\u00e8me ann\u00e9e de CPGE litt\u00e9raire, voie ENS Lyon<\/p>\n\n\n\n<p><a href=\"http:\/\/uoh.fr\/front\/notice?id=0aa9292a-a767-4980-a722-e673f040152b\" target=\"_blank\" rel=\"noreferrer noopener\">Litt\u00e9rature compar\u00e9e, 2015 \u2013 Alcools et Calligrammes, de Guillaume Apollinaire \u2013 Plupart du temps, de Pierre Reverdy<\/a> \u2013 2\u00e8me ann\u00e9e de CPGE litt\u00e9raire, voie ENS Lyon<\/p>\n\n\n\n<p><a href=\"http:\/\/uoh.fr\/front\/notice?id=986dda17-c144-4572-801e-f47e0d348892\" target=\"_blank\" rel=\"noreferrer noopener\">Litt\u00e9rature compar\u00e9e, 2012 \u2013 Jacques le Fataliste et le Roman comique, \u00e9tude compar\u00e9e<\/a> \u2013 2\u00e8me ann\u00e9e de CPGE litt\u00e9raire, voie ENS Lyon<\/p>\n\n\n\n<p><a href=\"http:\/\/uoh.fr\/front\/notice?id=e8cf3602-f4f8-4cb2-9452-7da7f1c4f733\" target=\"_blank\" rel=\"noreferrer noopener\">Scarron, le roman comique, \u00e9tudes de textes<\/a> \u2013 2\u00e8me ann\u00e9e de CPGE litt\u00e9raire, voie ENS Lyon<\/p>\n\n\n\n<h3 class=\"wp-block-heading\"><strong>Grec ancien<\/strong><\/h3>\n\n\n\n<p><a href=\"http:\/\/uoh.fr\/front\/notice?id=283f4f2c-84b4-451d-b588-2a52b0b714a4\" target=\"_blank\" rel=\"noreferrer noopener\">Lucien, Icarom\u00e9nippe ou le Voyage dans les nuages<\/a> \u2013 2\u00e8me ann\u00e9e de CPGE litt\u00e9raire, voie ENS Lyon<\/p>\n\n\n\n<h3 class=\"wp-block-heading\"><strong>Latin<\/strong><\/h3>\n\n\n\n<p><a href=\"http:\/\/uoh.fr\/front\/notice?id=3b038530-c0b1-41da-95fa-2519aa6ff362\" target=\"_blank\" rel=\"noreferrer noopener\">Approche raisonn\u00e9e du fonctionnement de la langue latine<\/a> (2 PDF) \u2013 1\u00e8re ann\u00e9e de CPGE litt\u00e9raire<\/p>\n\n\n\n<h3 class=\"wp-block-heading\"><strong>EXERCICES<\/strong><\/h3>\n\n\n\n<h3 class=\"wp-block-heading\"><strong>Grec ancien<\/strong><\/h3>\n\n\n\n<p><a href=\"http:\/\/uoh.fr\/front\/notice?id=d9602fe3-bbf5-4879-ad82-b61e9f57325e\" target=\"_blank\" rel=\"noreferrer noopener\">Exercices de grec ancien, \u00e9nonc\u00e9s et corrig\u00e9s<\/a> \u2013 2\u00e8me ann\u00e9e de CPGE litt\u00e9raire<\/p>\n\n\n\n<p><a href=\"http:\/\/uoh.fr\/front\/notice?id=e1206efd-7dd9-4c29-b3b7-735fb75391cc\" target=\"_blank\" rel=\"noreferrer noopener\">Exercices de th\u00e8me, \u00e9nonc\u00e9s et corrig\u00e9s<\/a> \u2013 2\u00e8me ann\u00e9e de CPGE litt\u00e9raire<\/p>\n\n\n\n<h3 class=\"wp-block-heading\"><strong>INTERNATIONAL<\/strong><\/h3>\n\n\n\n<h3 class=\"wp-block-heading\"><strong>Fran\u00e7ais<\/strong><\/h3>\n\n\n\n<p><a href=\"http:\/\/uoh.fr\/front\/notice?id=8a8acbdf-dd5e-49d1-b52d-e3b025a6f14d\" target=\"_blank\" rel=\"noreferrer noopener\">Cours de litt\u00e9rature \u2013 La francophonie au Maghreb : une \u00e9tude de quelques auteurs<\/a> (2 PDF) \u2013 b\u00e2ti pour l\u2019Institut Pr\u00e9paratoire aux \u00c9tudes Litt\u00e9raires et Sciences Humaines de Tunis<\/p>\n\n\n\n<h3 class=\"wp-block-heading\"><strong>AUTRE<\/strong><\/h3>\n\n\n\n<h3 class=\"wp-block-heading\"><strong>Fran\u00e7ais<\/strong><\/h3>\n\n\n\n<p><a href=\"https:\/\/uoh.fr\/document\/1e2b3ff2\/f4f4\/4bc6\/1e2b3ff2-f4f4-4bc6-b60c-bcd1e4cd7b22\/index.html\" target=\"_blank\" rel=\"noreferrer noopener\">Techniques de la colle en fran\u00e7ais<\/a> \u2013 CPGE scientifiques<\/p>\n\n\n\n<p><a href=\"http:\/\/uoh.fr\/front\/notice?id=e52b9f49-33e0-4288-8020-b881e9269383\" target=\"_blank\" rel=\"noreferrer noopener\">La Valeur de l\u2019oeuvre litt\u00e9raire, entre p\u00f4le artistique et p\u00f4le esth\u00e9tique<\/a> \u2013 2\u00e8me ann\u00e9e de CPGE litt\u00e9raire<\/p>\n\n\n\n<h3 class=\"wp-block-heading\"><strong>Grec ancien<\/strong><\/h3>\n\n\n\n<p><a href=\"http:\/\/uoh.fr\/front\/notice?id=31513aeb-35f3-4adb-ab74-24f509554c11\" target=\"_blank\" rel=\"noreferrer noopener\">Kit de survie de l\u2019hell\u00e9niste<\/a> (20 fiches) \u2013 2\u00e8me ann\u00e9e de CPGE litt\u00e9raire<\/p>\n\n\n\n<h3 class=\"wp-block-heading\"><strong>Latin<\/strong><\/h3>\n\n\n\n<p><a href=\"http:\/\/uoh.fr\/front\/notice?id=6251b4e1-17ac-4202-9498-2bc89e43ec12\" target=\"_blank\" rel=\"noreferrer noopener\">Kit de survie du latiniste<\/a> (25 fiches) \u2013 2\u00e8me ann\u00e9e de CPGE litt\u00e9raire<\/p>\n","protected":false},"excerpt":{"rendered":"<p>Nos ressources p\u00e9dagogiques en lettres et langues sont h\u00e9berg\u00e9es par l\u2019UOH, l\u2019Universit\u00e9 ouverte des humanit\u00e9s. On y acc\u00e8de en cliquant sur les liens propos\u00e9s ci-dessous, ou par le moteur de recherche de l\u2019UOH. COURS Anglais Synth\u00e8se de documents en anglais \u2013 2\u00e8me ann\u00e9e de CPGE scientifique Fran\u00e7ais Litt\u00e9rature compar\u00e9e, Introduction \u2013 2\u00e8me ann\u00e9e de CPGE [&hellip;]<\/p>\n","protected":false},"author":1,"featured_media":0,"parent":0,"menu_order":0,"comment_status":"closed","ping_status":"closed","template":"","meta":{"footnotes":""},"class_list":["post-52","page","type-page","status-publish","hentry"],"_links":{"self":[{"href":"https:\/\/sillages.info\/index.php\/wp-json\/wp\/v2\/pages\/52","targetHints":{"allow":["GET"]}}],"collection":[{"href":"https:\/\/sillages.info\/index.php\/wp-json\/wp\/v2\/pages"}],"about":[{"href":"https:\/\/sillages.info\/index.php\/wp-json\/wp\/v2\/types\/page"}],"author":[{"embeddable":true,"href":"https:\/\/sillages.info\/index.php\/wp-json\/wp\/v2\/users\/1"}],"replies":[{"embeddable":true,"href":"https:\/\/sillages.info\/index.php\/wp-json\/wp\/v2\/comments?post=52"}],"version-history":[{"count":6,"href":"https:\/\/sillages.info\/index.php\/wp-json\/wp\/v2\/pages\/52\/revisions"}],"predecessor-version":[{"id":276,"href":"https:\/\/sillages.info\/index.php\/wp-json\/wp\/v2\/pages\/52\/revisions\/276"}],"wp:attachment":[{"href":"https:\/\/sillages.info\/index.php\/wp-json\/wp\/v2\/media?parent=52"}],"curies":[{"name":"wp","href":"https:\/\/api.w.org\/{rel}","templated":true}]}}