{"id":39,"date":"2023-06-04T14:03:30","date_gmt":"2023-06-04T12:03:30","guid":{"rendered":"https:\/\/sillages.info\/?page_id=39"},"modified":"2025-12-08T14:04:26","modified_gmt":"2025-12-08T13:04:26","slug":"qui-sommes-nous","status":"publish","type":"page","link":"https:\/\/sillages.info\/index.php\/qui-sommes-nous\/","title":{"rendered":"Qui sommes-nous ?"},"content":{"rendered":"\n<p>L\u2019initiative sillages.info, lanc\u00e9e au Palais du Luxembourg en 2010, contribue \u00e0 l\u2019offre num\u00e9rique de l\u2019enseignement sup\u00e9rieur fran\u00e7ais de niveau licence en proposant des cours complets (MOOC) et des ressources p\u00e9dagogiques. Cette offre labellis\u00e9e, libre et gratuite, h\u00e9berg\u00e9e sur le site des universit\u00e9s num\u00e9riques th\u00e9matiques AUNEGe, Unisciel et UOH, est publi\u00e9e sous <a href=\"https:\/\/creativecommons.org\/licenses\/by-nc-sa\/4.0\/deed.fr\">licence Creative Commons<\/a>.<\/p>\n\n\n\n<p>L\u2019initiative sillages.info, engageant des professeurs en classes pr\u00e9paratoires aux grandes \u00e9coles des plus grands \u00e9tablissements, s\u2019adresse aux \u00e9tudiantes et \u00e9tudiants pr\u00e9parant leur entr\u00e9e en grande \u00e9cole ou en formation \u00e9quivalente de toute fili\u00e8re, en France comme dans les pays francophones, mais aussi aux tuteurs et tutrices les accompagnant, comme aux enseignantes et enseignants recherchant des supports p\u00e9dagogiques, et plus largement \u00e0 quiconque.<\/p>\n\n\n\n<p>L\u2019initiative sillages.info \u00e9dite notamment des MOOC et des ressources p\u00e9dagogiques favorisant l\u2019ouverture sociale et territoriale comme l\u2019ouverture internationale de l\u2019acc\u00e8s aux grandes \u00e9coles et aux formations \u00e9quivalentes.<\/p>\n\n\n\n<h3 class=\"wp-block-heading\">Une communaut\u00e9 francophone<\/h3>\n\n\n\n<p>Notre communaut\u00e9 d\u2019auteurs et d&#8217;autrices, notre communaut\u00e9 de pratique (active jusqu\u2019\u00e0 ce que notre initiative atteigne son stade p\u00e9renne en 2017) et notre communaut\u00e9 d&#8217;apprenantes et d&#8217;apprenants int\u00e9ressent des acteurs et actrices de nombreux pays francophones (Cambodge, Cameroun, Canada, France, Gr\u00e8ce, Liban, Suisse, Tunisie\u2026). La page <a href=\"https:\/\/sillages.info\/index.php\/contributions\/\">Contributions<\/a> de ce site donne de plus amples informations.<\/p>\n\n\n\n<h3 class=\"wp-block-heading\">Une initiative associant les UNT, soutenue par la CGE<\/h3>\n\n\n\n<figure class=\"wp-block-image size-large\"><img loading=\"lazy\" decoding=\"async\" width=\"1024\" height=\"125\" src=\"https:\/\/sillages.info\/wp-content\/uploads\/2023\/06\/partenaires-sillages-1024x125.png\" alt=\"\" class=\"wp-image-40\" srcset=\"https:\/\/sillages.info\/wp-content\/uploads\/2023\/06\/partenaires-sillages-1024x125.png 1024w, https:\/\/sillages.info\/wp-content\/uploads\/2023\/06\/partenaires-sillages-300x37.png 300w, https:\/\/sillages.info\/wp-content\/uploads\/2023\/06\/partenaires-sillages-768x94.png 768w, https:\/\/sillages.info\/wp-content\/uploads\/2023\/06\/partenaires-sillages.png 1194w\" sizes=\"auto, (max-width: 1024px) 100vw, 1024px\" \/><\/figure>\n\n\n\n<p>Depuis 2017, l\u2019initiative sillages.info est men\u00e9e par des membres de la communaut\u00e9 sillages.info et des universit\u00e9s num\u00e9riques th\u00e9matiques (UNT) <a rel=\"noreferrer noopener\" href=\"https:\/\/aunege.fr\/\" target=\"_blank\">AUNEGe<\/a>, <a href=\"https:\/\/www.unisciel.fr\/\">Unisciel<\/a> et l\u2019<a rel=\"noreferrer noopener\" href=\"https:\/\/uoh.fr\" target=\"_blank\">UOH<\/a>. L\u2019initiative sillages.info est soutenue par la Conf\u00e9rence des grandes \u00e9coles (<a rel=\"noreferrer noopener\" href=\"https:\/\/www.cge.asso.fr\/\" target=\"_blank\">CGE<\/a>).<\/p>\n\n\n\n<p>L\u2019initiative sillages.info a \u00e9t\u00e9 lanc\u00e9e en 2010 et est coordonn\u00e9e depuis lors par <a rel=\"noreferrer noopener\" href=\"https:\/\/fr.wikipedia.org\/wiki\/Nathalie_Van_de_Wiele\" target=\"_blank\">Nathalie VAN DE WIELE<\/a>, fondatrice d\u2019ePrep en 2001. Elle est conduite de 2011 \u00e0 2017 par l\u2019association sillages.info rassemblant : la Conf\u00e9rence des grandes \u00e9coles et ePrep, \u00e0 l\u2019origine de l\u2019initiative ; des grandes \u00e9coles : l\u2019<a rel=\"noreferrer noopener\" href=\"https:\/\/www.ens.psl.eu\/\" target=\"_blank\">\u00c9cole normale sup\u00e9rieure \u2013 PSL<\/a>, l\u2019<a rel=\"noreferrer noopener\" href=\"https:\/\/ens-paris-saclay.fr\" target=\"_blank\">ENS Paris-Saclay<\/a>, l\u2019<a rel=\"noreferrer noopener\" href=\"https:\/\/www.polytechnique.edu\/\" target=\"_blank\">\u00c9cole polytechnique,<\/a> l\u2019<a rel=\"noreferrer noopener\" href=\"https:\/\/www.edhec.edu\/fr\" target=\"_blank\">EDHEC<\/a>, l\u2019<a rel=\"noreferrer noopener\" href=\"https:\/\/www.essec.edu\/fr\/\" target=\"_blank\">ESSEC<\/a> ; des associations : l\u2019Association des proviseurs de lyc\u00e9es ayant des classes pr\u00e9paratoires aux grandes \u00e9coles \u2013 <a rel=\"noreferrer noopener\" href=\"http:\/\/www.aplcpge.org\/\" target=\"_blank\">APLCPGE<\/a> -, des associations de professeurs de ces classes \u2013 l\u2019<a rel=\"noreferrer noopener\" href=\"https:\/\/www.adeppt.org\/\" target=\"_blank\">ADEPPT<\/a> et l\u2019<a rel=\"noreferrer noopener\" href=\"https:\/\/www.prepalitteraire.fr\" target=\"_blank\">APPLS<\/a> -, l\u2019association <a href=\"https:\/\/fr.wikipedia.org\/wiki\/Passeport_Avenir\">Passeport Avenir<\/a> ; et les UNT AUNEGe, Unisciel et l\u2019UOH. <a rel=\"noreferrer noopener\" href=\"http:\/\/www.omeric.org\" target=\"_blank\">OMERIC<\/a>, partenaire d\u2019ePrep d\u00e8s 2006, fut un partenaire technique pr\u00e9cieux. Le but de l\u2019association sillages.info fut d\u2019accompagner l\u2019initiative jusqu\u2019\u00e0 un stade p\u00e9renne, ce stade \u00e9tant atteint en 2017, lorsque l\u2019ensemble du patrimoine num\u00e9rique produit fut plac\u00e9 sur les sites des UNT.<\/p>\n\n\n\n<p>L\u2019\u00e9quipe sillages.info est compos\u00e9e de (par ordre alphab\u00e9tique) :<\/p>\n\n\n\n<ul class=\"wp-block-list\">\n<li>Bernard CURZI,&nbsp;directeur eLearning de l\u2019<a href=\"https:\/\/www.edhec.edu\/fr\" target=\"_blank\" rel=\"noreferrer noopener\">EDHEC<\/a>, charg\u00e9 de l\u2019\u00e9largissement des audiences<\/li>\n\n\n\n<li>Huguette KLEIN,&nbsp;ancienne professeure de math\u00e9matiques en CPGE, cofondatrice et ancienne pr\u00e9sidente de <a rel=\"noreferrer noopener\" href=\"https:\/\/reussirlegalitefh.fr\/\" target=\"_blank\">REFH<\/a>, r\u00e9f\u00e9rente \u00e9galit\u00e9 femmes-hommes<\/li>\n\n\n\n<li>Catherine SIMAND,&nbsp;vice-pr\u00e9sidente d\u2019<a href=\"https:\/\/www.unisciel.fr\/\">Unisciel<\/a><\/li>\n\n\n\n<li>Carole SCHORL\u00c9-STEFAN, secr\u00e9taire g\u00e9n\u00e9rale de l\u2019<a href=\"http:\/\/uoh.fr\" target=\"_blank\" rel=\"noreferrer noopener\">UOH<\/a><\/li>\n\n\n\n<li>Mich\u00e8le TILLARD, ancienne professeure de langues anciennes en CPGE, autrice du site <a rel=\"noreferrer noopener\" href=\"https:\/\/philo-lettres.fr\" target=\"_blank\">philo-lettres<\/a>, r\u00e9f\u00e9rente lettres et langues anciennes<\/li>\n\n\n\n<li><a rel=\"noreferrer noopener\" href=\"https:\/\/fr.wikipedia.org\/wiki\/Nathalie_Van_de_Wiele\" target=\"_blank\">Nathalie VAN DE WIELE<\/a>, ancienne professeure de physique en CPGE, fondatrice et coordinatrice de l\u2019initiative sillages.info<\/li>\n<\/ul>\n\n\n\n<h3 class=\"wp-block-heading\">Nos r\u00e9f\u00e9rencements institutionnels<\/h3>\n\n\n\n<figure class=\"wp-block-gallery has-nested-images columns-default is-cropped wp-block-gallery-1 is-layout-flex wp-block-gallery-is-layout-flex\">\n<figure class=\"wp-block-image size-full\"><img loading=\"lazy\" decoding=\"async\" width=\"1025\" height=\"249\" data-id=\"270\" src=\"https:\/\/sillages.info\/wp-content\/uploads\/2024\/10\/referencements-sillages.png\" alt=\"\" class=\"wp-image-270\" srcset=\"https:\/\/sillages.info\/wp-content\/uploads\/2024\/10\/referencements-sillages.png 1025w, https:\/\/sillages.info\/wp-content\/uploads\/2024\/10\/referencements-sillages-300x73.png 300w, https:\/\/sillages.info\/wp-content\/uploads\/2024\/10\/referencements-sillages-768x187.png 768w\" sizes=\"auto, (max-width: 1025px) 100vw, 1025px\" \/><\/figure>\n<\/figure>\n\n\n\n<ul class=\"wp-block-list\">\n<li>L\u2019initiative sillages.info est r\u00e9f\u00e9renc\u00e9e par le Minist\u00e8re de l\u2019Enseignement sup\u00e9rieur et de la Recherche (voir notre page d&#8217;accueil), qui donne acc\u00e8s aux ressources sillages.info par MOOC (<a href=\"https:\/\/www.enseignementsup-recherche.gouv.fr\/moocs\/\" data-type=\"link\" data-id=\"https:\/\/www.enseignementsup-recherche.gouv.fr\/moocs\/\" target=\"_blank\" rel=\"noreferrer noopener\">\u00e0 cette page<\/a>) ou par titre de la ressource (<a href=\"https:\/\/www.enseignementsup-recherche.gouv.fr\/ressources-pedagogiques\/\" data-type=\"link\" data-id=\"https:\/\/www.enseignementsup-recherche.gouv.fr\/ressources-pedagogiques\/\" target=\"_blank\" rel=\"noreferrer noopener\">\u00e0 cette page<\/a>).<\/li>\n\n\n\n<li>Des ressources et MOOC sillages.info sont engag\u00e9s dans les parcours types propos\u00e9s par mention ou sp\u00e9cialit\u00e9 par l\u2019Universit\u00e9 num\u00e9rique dans son catalogue <a rel=\"noreferrer noopener\" href=\"https:\/\/luniversitenumerique.fr\/ressources\/fun-ressources\/\" target=\"_blank\">FUN-Ressources<\/a>.<\/li>\n\n\n\n<li>Les vid\u00e9os p\u00e9dagogiques sillages.info sont \u00e9galement propos\u00e9es <a rel=\"noreferrer noopener\" href=\"https:\/\/www.canal-u.tv\/chaines\/sillages\" target=\"_blank\">sur Canal-U<\/a>.<\/li>\n<\/ul>\n\n\n\n<h3 class=\"wp-block-heading\">Nos autres partenariats<\/h3>\n\n\n\n<figure class=\"wp-block-image\"><img loading=\"lazy\" decoding=\"async\" width=\"281\" height=\"102\" src=\"http:\/\/sillages.info\/wp-content\/uploads\/2023\/10\/Unesco-Relia.png\" alt=\"\" class=\"wp-image-262\"\/><\/figure>\n\n\n\n<p>Les ressources et MOOC sillages.info sont engag\u00e9s dans le projet collaboratif <a rel=\"noreferrer noopener\" href=\"https:\/\/florilege.ls2n.fr\/\" data-type=\"link\" data-id=\"https:\/\/florilege.ls2n.fr\/\" target=\"_blank\">Floril\u00e8ge<\/a> men\u00e9 par la <a rel=\"noreferrer noopener\" href=\"https:\/\/chaireunescorelia.univ-nantes.fr\/\" data-type=\"link\" data-id=\"https:\/\/chaireunescorelia.univ-nantes.fr\/\" target=\"_blank\">Chaire UNESCO RELIA<\/a> (Ressources \u00c9ducatives Libres et Intelligence Artificielle) de Nantes Universit\u00e9.<\/p>\n","protected":false},"excerpt":{"rendered":"<p>L\u2019initiative sillages.info, lanc\u00e9e au Palais du Luxembourg en 2010, contribue \u00e0 l\u2019offre num\u00e9rique de l\u2019enseignement sup\u00e9rieur fran\u00e7ais de niveau licence en proposant des cours complets (MOOC) et des ressources p\u00e9dagogiques. Cette offre labellis\u00e9e, libre et gratuite, h\u00e9berg\u00e9e sur le site des universit\u00e9s num\u00e9riques th\u00e9matiques AUNEGe, Unisciel et UOH, est publi\u00e9e sous licence Creative Commons. L\u2019initiative [&hellip;]<\/p>\n","protected":false},"author":1,"featured_media":0,"parent":0,"menu_order":0,"comment_status":"closed","ping_status":"closed","template":"","meta":{"footnotes":""},"class_list":["post-39","page","type-page","status-publish","hentry"],"_links":{"self":[{"href":"https:\/\/sillages.info\/index.php\/wp-json\/wp\/v2\/pages\/39","targetHints":{"allow":["GET"]}}],"collection":[{"href":"https:\/\/sillages.info\/index.php\/wp-json\/wp\/v2\/pages"}],"about":[{"href":"https:\/\/sillages.info\/index.php\/wp-json\/wp\/v2\/types\/page"}],"author":[{"embeddable":true,"href":"https:\/\/sillages.info\/index.php\/wp-json\/wp\/v2\/users\/1"}],"replies":[{"embeddable":true,"href":"https:\/\/sillages.info\/index.php\/wp-json\/wp\/v2\/comments?post=39"}],"version-history":[{"count":31,"href":"https:\/\/sillages.info\/index.php\/wp-json\/wp\/v2\/pages\/39\/revisions"}],"predecessor-version":[{"id":279,"href":"https:\/\/sillages.info\/index.php\/wp-json\/wp\/v2\/pages\/39\/revisions\/279"}],"wp:attachment":[{"href":"https:\/\/sillages.info\/index.php\/wp-json\/wp\/v2\/media?parent=39"}],"curies":[{"name":"wp","href":"https:\/\/api.w.org\/{rel}","templated":true}]}}