{"id":112,"date":"2023-06-05T06:31:59","date_gmt":"2023-06-05T04:31:59","guid":{"rendered":"https:\/\/sillages.info\/?page_id=112"},"modified":"2023-10-21T09:12:09","modified_gmt":"2023-10-21T07:12:09","slug":"contributions","status":"publish","type":"page","link":"https:\/\/sillages.info\/index.php\/contributions\/","title":{"rendered":"Contributions"},"content":{"rendered":"\n<p>D\u00e8s 2010, des professeurs en classes pr\u00e9paratoires aux grandes \u00e9coles ou dans les formations \u00e9quivalentes, des enseignants-chercheurs en grande \u00e9cole ou \u00e0 l\u2019universit\u00e9, des repr\u00e9sentants d\u2019organismes publics et priv\u00e9s ont rejoint notre communaut\u00e9 d\u2019auteurs ou\/et notre communaut\u00e9 de pratique pour participer \u00e0 leurs travaux dans le domaine des technologies de l\u2019information et de la communication pour l\u2019enseignement (TICE).<\/p>\n\n\n\n<h3 class=\"wp-block-heading\"><strong>Notre communaut\u00e9 d\u2019auteurs<\/strong><\/h3>\n\n\n\n<p>Les auteurs et autrices sillages.info, en majorit\u00e9 professeurs de classes pr\u00e9paratoires aux grandes \u00e9coles ou d\u2019\u00e9coles en 5 ans, sont pr\u00e9sent\u00e9s ci-dessous, avec leur fonction \u00e0 la date o\u00f9 ils ont produit leurs contributions. Celles et ceux qui ont \u00e9labor\u00e9 nos MOOC ont leur nom en italiques.<\/p>\n\n\n\n<p><strong>Membres de la communaut\u00e9 d\u2019auteurs sillages.info<\/strong><\/p>\n\n\n\n<ul class=\"wp-block-list\">\n<li><em>Serge ABITEBOUL<\/em>, directeur de recherche <a rel=\"noreferrer noopener\" href=\"http:\/\/www.inria.fr\/\" target=\"_blank\">Inria<\/a>, professeur <a rel=\"noreferrer noopener\" href=\"https:\/\/www.ens.psl.eu\/\" target=\"_blank\">\u00c9cole normale sup\u00e9rieure \u2013 PSL<\/a><\/li>\n\n\n\n<li>Katia BARR\u00c9, professeure de math\u00e9matiques en CPGE, <a href=\"http:\/\/www.lycee-lesage.net\/\" target=\"_blank\" rel=\"noreferrer noopener\">lyc\u00e9e Lesage<\/a>, Vannes<\/li>\n\n\n\n<li>Brigitte BONNET, professeure de math\u00e9matiques en CPGE, <a href=\"http:\/\/www.civfrance.com\/\" target=\"_blank\" rel=\"noreferrer noopener\">Centre international de Valbonne<\/a><\/li>\n\n\n\n<li>Patrice BOTTINEAU, technicien sup\u00e9rieur de laboratoire, <a href=\"http:\/\/www.louis-le-grand.org\/\" target=\"_blank\" rel=\"noreferrer noopener\">lyc\u00e9e Louis-le-Grand<\/a>, Paris<\/li>\n\n\n\n<li>Marwan BROUCHE, professeur de physique en CPGE, <a href=\"http:\/\/www.fi.usj.edu.lb\/\" target=\"_blank\" rel=\"noreferrer noopener\">ESIB<\/a> (Liban)<\/li>\n\n\n\n<li>Sylvie BURENS, professeure d\u2019anglais en CPGE, <a href=\"http:\/\/www.stanislas-cannes.com\/\" target=\"_blank\" rel=\"noreferrer noopener\">Institut Stanislas Cannes<\/a><\/li>\n\n\n\n<li>Fran\u00e7ois CAPACES, professeur de math\u00e9matiques, <a href=\"http:\/\/college.sciences-po.fr\/sitenancy\/\" target=\"_blank\" rel=\"noreferrer noopener\">Sciences Po Nancy<\/a><\/li>\n\n\n\n<li>Hichem CHAABANE, professeur de physique, directeur de l\u2019enseignement universitaire \u00e0 l\u2019<a href=\"http:\/\/www.defense.tn\/fr\/index.php?option=com_content&amp;task=view&amp;id=86\" target=\"_blank\" rel=\"noreferrer noopener\">Acad\u00e9mie militaire de Fondouk Jedid<\/a> (Tunisie)<\/li>\n\n\n\n<li>Christophe DARNAT, professeur de physique en CPGE, <a href=\"http:\/\/etablissementbertrandeborn.net\/spip.php?rubrique228\" target=\"_blank\" rel=\"noreferrer noopener\">lyc\u00e9e Bertran-de-Born<\/a>, P\u00e9rigueux<\/li>\n\n\n\n<li>Damien DECOUT, agr\u00e9g\u00e9 de physique, <a href=\"http:\/\/www.univ-savoie.fr\/\" target=\"_blank\" rel=\"noreferrer noopener\">universit\u00e9 de Savoie<\/a><\/li>\n\n\n\n<li>Michel DELUZARCHE, professeur de chimie en CPGE retrait\u00e9<\/li>\n\n\n\n<li>Yves DULAC, professeur de physique en CPGE, <a href=\"http:\/\/www.ecp.fr\/home\/Centrale_Paris\/Partenariats_institutionnels_et_academiques\/Ecole_Centrale_de_Pekin\" target=\"_blank\" rel=\"noreferrer noopener\">Ecole centrale de P\u00e9kin<\/a><\/li>\n\n\n\n<li>Eliane FAUCHARD, professeure de physique en CPGE, <a href=\"http:\/\/www.lyc-pissarro-pontoise.ac-versailles.fr\/\" target=\"_blank\" rel=\"noreferrer noopener\">lyc\u00e9e Camille Pissarro<\/a>, Pontoise<\/li>\n\n\n\n<li>Claude GIMENES, professeur de physique, <a href=\"http:\/\/www.telecom-sudparis.eu\/fr_accueil.html\" target=\"_blank\" rel=\"noreferrer noopener\">T\u00e9l\u00e9com SudParis<\/a><\/li>\n\n\n\n<li>Olivier GRANIER, professeur de physique en CPGE, <a href=\"http:\/\/lyc-jacques-decour.scola.ac-paris.fr\/\" target=\"_blank\" rel=\"noreferrer noopener\">lyc\u00e9e Jacques Decour<\/a>, Paris<\/li>\n\n\n\n<li>Catherine KLAUS, professeure de litt\u00e9rature, de latin et de grec en CPGE, <a href=\"http:\/\/montesquieu.e-lyco.fr\/\" target=\"_blank\" rel=\"noreferrer noopener\">lyc\u00e9e Montesquieu<\/a>, Le Mans<\/li>\n\n\n\n<li><strong><em>Huguette KLEIN<\/em><\/strong>, professeure de math\u00e9matiques en CPGE retrait\u00e9e, pr\u00e9sidente de <a rel=\"noreferrer noopener\" href=\"http:\/\/reussirlegalitefh.eu\/\" target=\"_blank\">REFH<\/a><\/li>\n\n\n\n<li>Jean-Luc KOEHL, professeur de management et gestion en CPGE, <a href=\"http:\/\/www.lyceecassin-strasbourg.eu\/\" target=\"_blank\" rel=\"noreferrer noopener\">lyc\u00e9e Ren\u00e9 Cassin<\/a>, Strasbourg<\/li>\n\n\n\n<li>Catherine LAIDEBEURE, professeure de math\u00e9matiques en CPGE retrait\u00e9e<\/li>\n\n\n\n<li><strong><em>Yannick LE BRAS<\/em><\/strong>, professeur de math\u00e9matiques et d\u2019informatique en CPGE, <a rel=\"noreferrer noopener\" href=\"http:\/\/montesquieu.e-lyco.fr\/\" target=\"_blank\">lyc\u00e9e Montesquieu<\/a>, Le Mans<\/li>\n\n\n\n<li>Alain LE RILLE, professeur de physique en CPGE, <a href=\"http:\/\/www.janson-de-sailly.fr\/\" target=\"_blank\" rel=\"noreferrer noopener\">lyc\u00e9e Janson de Sailly<\/a>, Paris<\/li>\n\n\n\n<li>Olivier LEVYNE, professeur des universit\u00e9s en sciences de gestion (<a href=\"http:\/\/www.iscparis.fr\/\" target=\"_blank\" rel=\"noreferrer noopener\">ISC<\/a>, <a href=\"http:\/\/www.hec.fr\/\" target=\"_blank\" rel=\"noreferrer noopener\">HEC<\/a> et <a href=\"http:\/\/www.dauphine.fr\/\" target=\"_blank\" rel=\"noreferrer noopener\">Paris Dauphine<\/a>)<\/li>\n\n\n\n<li>Alain LUMEDILUNA, professeur de physique-chimie en CPGE retrait\u00e9<\/li>\n\n\n\n<li>In\u00e8s MOATAMRI, professeure de litt\u00e9rature, <a href=\"http:\/\/www.ipelsht.rnu.tn\/\" target=\"_blank\" rel=\"noreferrer noopener\">IPELSHT<\/a> (Tunisie)<\/li>\n\n\n\n<li><strong><em>Benjamin NGUYEN<\/em><\/strong>, professeur en informatique \u00e0 l\u2019<a rel=\"noreferrer noopener\" href=\"http:\/\/www.insa-centrevaldeloire.fr\/\" target=\"_blank\">INSA Centre Val de Loire<\/a><\/li>\n\n\n\n<li>Marc PAULY, professeur de math\u00e9matiques en CPGE, <a href=\"http:\/\/www.ecp.fr\/home\/Centrale_Paris\/Partenariats_institutionnels_et_academiques\/Ecole_Centrale_de_Pekin\">Ecole centrale de P\u00e9kin<\/a><\/li>\n\n\n\n<li>Mathilde PETIT, professeure de math\u00e9matiques en CPGE retrait\u00e9e<\/li>\n\n\n\n<li>Pascale PIQUEMAL, professeure de physique en CPGE, <a href=\"http:\/\/www.lyc-hoche-versailles.ac-versailles.fr\/\" target=\"_blank\" rel=\"noreferrer noopener\">lyc\u00e9e Hoche<\/a>, Versailles<\/li>\n\n\n\n<li><strong><em>David ROCHE<\/em><\/strong>, professeur de sciences physiques et d\u2019informatique, <a rel=\"noreferrer noopener\" href=\"http:\/\/www.ac-grenoble.fr\/lycee\/fichet.bonneville\/\" target=\"_blank\">lyc\u00e9e Guillaume Fichet<\/a>, Bonneville<\/li>\n\n\n\n<li>Alain SOYEUR, professeur de math\u00e9matiques en CPGE, <a href=\"http:\/\/pedagogie.ac-toulouse.fr\/lyc-fermat-toulouse\/\" target=\"_blank\" rel=\"noreferrer noopener\">lyc\u00e9e Pierre de Fermat<\/a>, Toulouse<\/li>\n\n\n\n<li>Philippe STEGER, professeur d\u2019\u00e9conomie, de marketing et d\u2019informatique au <a href=\"http:\/\/www.julesguesde.fr\/\" target=\"_blank\" rel=\"noreferrer noopener\">lyc\u00e9e Jules Guesde<\/a>, Montpellier, directeur de <a href=\"http:\/\/www.wapeduc.net\/\" target=\"_blank\" rel=\"noreferrer noopener\">WapEduc<\/a><\/li>\n\n\n\n<li>Jacques TABUTEAU, professeur de physique en CPGE, <a href=\"http:\/\/www.janson-de-sailly.fr\/\" target=\"_blank\" rel=\"noreferrer noopener\">lyc\u00e9e Janson de Sailly<\/a>, Paris<\/li>\n\n\n\n<li><strong><em>Mich\u00e8le TILLARD<\/em><\/strong>, autrice du site&nbsp;<a rel=\"noreferrer noopener\" href=\"https:\/\/philo-lettres.fr\/\" target=\"_blank\">philo-lettres<\/a>, professeure de litt\u00e9rature et langues anciennes en CPGE retrait\u00e9e<\/li>\n\n\n\n<li><a rel=\"noreferrer noopener\" href=\"https:\/\/fr.wikipedia.org\/wiki\/Nathalie_Van_de_Wiele\" target=\"_blank\"><strong><em>Nathalie VAN DE WIELE<\/em><\/strong><\/a>, agr\u00e9g\u00e9e de physique, fondatrice et coordinatrice de l\u2019initiative sillages.info<\/li>\n\n\n\n<li>Emmanuel VIEILLARD-BARON, professeur de math\u00e9matiques en CPGE, <a href=\"http:\/\/www.lycee-pascal-colmar.net\/joomla\/\" target=\"_blank\" rel=\"noreferrer noopener\">lyc\u00e9e Blaise Pascal<\/a>, Colmar<\/li>\n\n\n\n<li>Patrick VOISIN, professeur de litt\u00e9rature et de latin en CPGE, <a href=\"http:\/\/www.cyberlycee.fr\/barthou\/site-public\/\" target=\"_blank\" rel=\"noreferrer noopener\">lyc\u00e9e Louis Barthou<\/a>, Pau<\/li>\n<\/ul>\n\n\n\n<h3 class=\"wp-block-heading\"><strong>Notre communaut\u00e9 de pratique jusqu\u2019en 2017<\/strong><\/h3>\n\n\n\n<p>Prolongement de la communaut\u00e9 de pratique ePrep lanc\u00e9e dans le cadre du projet europ\u00e9en <a href=\"https:\/\/cordis.europa.eu\/project\/id\/028038\" target=\"_blank\" rel=\"noreferrer noopener\">PALETTE<\/a> dont ePrep fut partenaire, la communaut\u00e9 de pratique sillages.info a rassembl\u00e9 jusqu\u2019en 2017 des acteurs et des actrices d\u00e9veloppant et \u00e9changeant leurs pratiques en terme d\u2019innovation p\u00e9dagogique, de production de supports p\u00e9dagogiques num\u00e9riques, de travail collaboratif autour de ces supports pour leur adaptation au public vis\u00e9 et d\u2019accompagnement des \u00e9tudiant\u00b7es pour l\u2019utilisation de ceux-ci. Elle a compt\u00e9 43 membres de 8 pays (Cambodge, Cameroun, Canada, France, Gr\u00e8ce, Liban, Suisse, Tunisie).<\/p>\n","protected":false},"excerpt":{"rendered":"<p>D\u00e8s 2010, des professeurs en classes pr\u00e9paratoires aux grandes \u00e9coles ou dans les formations \u00e9quivalentes, des enseignants-chercheurs en grande \u00e9cole ou \u00e0 l\u2019universit\u00e9, des repr\u00e9sentants d\u2019organismes publics et priv\u00e9s ont rejoint notre communaut\u00e9 d\u2019auteurs ou\/et notre communaut\u00e9 de pratique pour participer \u00e0 leurs travaux dans le domaine des technologies de l\u2019information et de la communication [&hellip;]<\/p>\n","protected":false},"author":1,"featured_media":0,"parent":0,"menu_order":0,"comment_status":"closed","ping_status":"closed","template":"","meta":{"footnotes":""},"class_list":["post-112","page","type-page","status-publish","hentry"],"_links":{"self":[{"href":"https:\/\/sillages.info\/index.php\/wp-json\/wp\/v2\/pages\/112","targetHints":{"allow":["GET"]}}],"collection":[{"href":"https:\/\/sillages.info\/index.php\/wp-json\/wp\/v2\/pages"}],"about":[{"href":"https:\/\/sillages.info\/index.php\/wp-json\/wp\/v2\/types\/page"}],"author":[{"embeddable":true,"href":"https:\/\/sillages.info\/index.php\/wp-json\/wp\/v2\/users\/1"}],"replies":[{"embeddable":true,"href":"https:\/\/sillages.info\/index.php\/wp-json\/wp\/v2\/comments?post=112"}],"version-history":[{"count":9,"href":"https:\/\/sillages.info\/index.php\/wp-json\/wp\/v2\/pages\/112\/revisions"}],"predecessor-version":[{"id":264,"href":"https:\/\/sillages.info\/index.php\/wp-json\/wp\/v2\/pages\/112\/revisions\/264"}],"wp:attachment":[{"href":"https:\/\/sillages.info\/index.php\/wp-json\/wp\/v2\/media?parent=112"}],"curies":[{"name":"wp","href":"https:\/\/api.w.org\/{rel}","templated":true}]}}